{"id":2285,"date":"2025-03-16T02:27:52","date_gmt":"2025-03-16T00:27:52","guid":{"rendered":"https:\/\/avocatkisiulia.ro\/kapcsolat\/"},"modified":"2026-02-19T14:59:03","modified_gmt":"2026-02-19T12:59:03","slug":"kapcsolat","status":"publish","type":"page","link":"https:\/\/avocatkisiulia.ro\/hu\/kapcsolat\/","title":{"rendered":"Kapcsolat"},"content":{"rendered":"<style>.kb-row-layout-id1503_c732f5-af > .kt-row-column-wrap{align-content:end;}:where(.kb-row-layout-id1503_c732f5-af > .kt-row-column-wrap) > .wp-block-kadence-column{justify-content:end;}.kb-row-layout-id1503_c732f5-af > .kt-row-column-wrap{column-gap:var(--global-kb-gap-md, 2rem);row-gap:var(--global-kb-gap-md, 2rem);max-width:95%;margin-left:auto;margin-right:auto;padding-top:var(--global-kb-spacing-sm, 1.5rem);padding-bottom:var(--global-kb-spacing-sm, 1.5rem);min-height:80vh;grid-template-columns:minmax(0, 1fr);}.kb-row-layout-id1503_c732f5-af{background-image:url('https:\/\/avocatkisiulia.ro\/wp-content\/uploads\/2025\/03\/cabinet-avocat-cluj.jpg');background-size:cover;background-position:50% 40%;background-attachment:scroll;background-repeat:no-repeat;}.kb-row-layout-id1503_c732f5-af > .kt-row-layout-overlay{opacity:0.70;background-color:var(--global-palette1, #3182CE);mix-blend-mode:normal;}@media all and (max-width: 1024px){.kb-row-layout-id1503_c732f5-af > .kt-row-column-wrap{grid-template-columns:minmax(0, 1fr);}}@media all and (max-width: 767px){.kb-row-layout-id1503_c732f5-af > .kt-row-column-wrap{grid-template-columns:minmax(0, 1fr);}}<\/style><div class=\"kb-row-layout-wrap kb-row-layout-id1503_c732f5-af alignfull kt-row-has-bg wp-block-kadence-rowlayout\"><div class=\"kt-row-layout-overlay kt-row-overlay-normal\"><\/div><div class=\"kt-row-column-wrap kt-has-1-columns kt-row-layout-equal kt-tab-layout-inherit kt-mobile-layout-row kt-row-valign-bottom\">\n<style>.kadence-column1503_e8be3c-ff > .kt-inside-inner-col{display:flex;}.kadence-column1503_e8be3c-ff > .kt-inside-inner-col,.kadence-column1503_e8be3c-ff > .kt-inside-inner-col:before{border-top-left-radius:0px;border-top-right-radius:0px;border-bottom-right-radius:0px;border-bottom-left-radius:0px;}.kadence-column1503_e8be3c-ff > .kt-inside-inner-col{column-gap:var(--global-kb-gap-sm, 1rem);}.kadence-column1503_e8be3c-ff > .kt-inside-inner-col{flex-direction:column;justify-content:flex-end;}.kadence-column1503_e8be3c-ff > .kt-inside-inner-col > .aligncenter{width:100%;}.kt-row-column-wrap > .kadence-column1503_e8be3c-ff{align-self:flex-end;}.kt-inner-column-height-full:not(.kt-has-1-columns) > .wp-block-kadence-column.kadence-column1503_e8be3c-ff{align-self:auto;}.kt-inner-column-height-full:not(.kt-has-1-columns) > .wp-block-kadence-column.kadence-column1503_e8be3c-ff > .kt-inside-inner-col{flex-direction:column;justify-content:flex-end;}.kadence-column1503_e8be3c-ff > .kt-inside-inner-col:before{opacity:0.3;}.kadence-column1503_e8be3c-ff, .kadence-column1503_e8be3c-ff h1, .kadence-column1503_e8be3c-ff h2, .kadence-column1503_e8be3c-ff h3, .kadence-column1503_e8be3c-ff h4, .kadence-column1503_e8be3c-ff h5, .kadence-column1503_e8be3c-ff h6{color:var(--global-palette9, #ffffff);}.kadence-column1503_e8be3c-ff{position:relative;}.kadence-column1503_e8be3c-ff, .kt-inside-inner-col > .kadence-column1503_e8be3c-ff:not(.specificity){margin-top:var(--global-kb-spacing-lg, 3rem);}@media all and (max-width: 1024px){.kt-row-column-wrap > .kadence-column1503_e8be3c-ff{align-self:flex-end;}}@media all and (max-width: 1024px){.kt-inner-column-height-full:not(.kt-has-1-columns) > .wp-block-kadence-column.kadence-column1503_e8be3c-ff{align-self:auto;}}@media all and (max-width: 1024px){.kt-inner-column-height-full:not(.kt-has-1-columns) > .wp-block-kadence-column.kadence-column1503_e8be3c-ff > .kt-inside-inner-col{flex-direction:column;justify-content:flex-end;}}@media all and (max-width: 1024px){.kadence-column1503_e8be3c-ff > .kt-inside-inner-col{flex-direction:column;justify-content:flex-end;}}@media all and (max-width: 767px){.kt-row-column-wrap > .kadence-column1503_e8be3c-ff{align-self:flex-end;}.kt-inner-column-height-full:not(.kt-has-1-columns) > .wp-block-kadence-column.kadence-column1503_e8be3c-ff{align-self:auto;}.kt-inner-column-height-full:not(.kt-has-1-columns) > .wp-block-kadence-column.kadence-column1503_e8be3c-ff > .kt-inside-inner-col{flex-direction:column;justify-content:flex-end;}.kadence-column1503_e8be3c-ff > .kt-inside-inner-col{flex-direction:column;justify-content:flex-end;}}<\/style>\n<div class=\"wp-block-kadence-column kadence-column1503_e8be3c-ff inner-column-1\"><div class=\"kt-inside-inner-col\"><style>.wp-block-kadence-advancedheading.kt-adv-heading1503_f59556-f8, .wp-block-kadence-advancedheading.kt-adv-heading1503_f59556-f8[data-kb-block=\"kb-adv-heading1503_f59556-f8\"]{margin-top:var(--global-kb-spacing-xs, 1rem);margin-bottom:var(--global-kb-spacing-sm, 1.5rem);text-align:right;font-size:var(--global-kb-font-size-xl, 3rem);line-height:1.1;font-weight:700;font-style:normal;}.wp-block-kadence-advancedheading.kt-adv-heading1503_f59556-f8 mark.kt-highlight, .wp-block-kadence-advancedheading.kt-adv-heading1503_f59556-f8[data-kb-block=\"kb-adv-heading1503_f59556-f8\"] mark.kt-highlight{font-style:normal;color:#f76a0c;-webkit-box-decoration-break:clone;box-decoration-break:clone;padding-top:0px;padding-right:0px;padding-bottom:0px;padding-left:0px;}.wp-block-kadence-advancedheading.kt-adv-heading1503_f59556-f8 img.kb-inline-image, .wp-block-kadence-advancedheading.kt-adv-heading1503_f59556-f8[data-kb-block=\"kb-adv-heading1503_f59556-f8\"] img.kb-inline-image{width:150px;vertical-align:baseline;}<\/style>\n<h1 class=\"kt-adv-heading1503_f59556-f8 wp-block-kadence-advancedheading\" data-kb-block=\"kb-adv-heading1503_f59556-f8\">Vegye fel a kapcsolatot a Kis Iulia \u00dcgyv\u00e9di Irod\u00e1val<\/h1>\n\n\n<style>.wp-block-kadence-advancedheading.kt-adv-heading1503_09c078-1f, .wp-block-kadence-advancedheading.kt-adv-heading1503_09c078-1f[data-kb-block=\"kb-adv-heading1503_09c078-1f\"]{max-width:500px;margin-right:0px;margin-left:auto;text-align:right;font-style:normal;}.wp-block-kadence-advancedheading.kt-adv-heading1503_09c078-1f mark.kt-highlight, .wp-block-kadence-advancedheading.kt-adv-heading1503_09c078-1f[data-kb-block=\"kb-adv-heading1503_09c078-1f\"] mark.kt-highlight{font-style:normal;color:#f76a0c;-webkit-box-decoration-break:clone;box-decoration-break:clone;padding-top:0px;padding-right:0px;padding-bottom:0px;padding-left:0px;}.wp-block-kadence-advancedheading.kt-adv-heading1503_09c078-1f img.kb-inline-image, .wp-block-kadence-advancedheading.kt-adv-heading1503_09c078-1f[data-kb-block=\"kb-adv-heading1503_09c078-1f\"] img.kb-inline-image{width:150px;vertical-align:baseline;}<\/style>\n<p class=\"kt-adv-heading1503_09c078-1f has-sm-font-size wp-block-kadence-advancedheading\" data-kb-block=\"kb-adv-heading1503_09c078-1f\">Jogi tan\u00e1csad\u00e1sra vagy jogi k\u00e9pviseletre van sz\u00fcks\u00e9ge? Itt vagyunk, hogy seg\u00edts\u00fcnk! Egyeztessen id\u0151pontot \u00fcgy\u00e9nek megbesz\u00e9l\u00e9s\u00e9re \u00e9s a legjobb megold\u00e1s megtal\u00e1l\u00e1s\u00e1ra.<\/p>\n<\/div><\/div>\n\n<\/div><\/div><style>.kb-row-layout-id1503_676225-63 > .kt-row-column-wrap{align-content:start;}:where(.kb-row-layout-id1503_676225-63 > .kt-row-column-wrap) > .wp-block-kadence-column{justify-content:start;}.kb-row-layout-id1503_676225-63 > .kt-row-column-wrap{column-gap:var(--global-kb-gap-md, 2rem);row-gap:var(--global-kb-gap-md, 2rem);max-width:var( --global-content-width, 1290px );padding-left:var(--global-content-edge-padding);padding-right:var(--global-content-edge-padding);padding-top:var(--global-kb-spacing-xxl, 5rem);padding-bottom:var(--global-kb-spacing-xxl, 5rem);min-height:80vh;grid-template-columns:minmax(0, calc(50% - ((var(--global-kb-gap-md, 2rem) * 1 )\/2)))minmax(0, calc(50% - ((var(--global-kb-gap-md, 2rem) * 1 )\/2)));}.kb-row-layout-id1503_676225-63 > .kt-row-layout-overlay{opacity:0.30;}@media all and (max-width: 1024px){.kb-row-layout-id1503_676225-63 > .kt-row-column-wrap{grid-template-columns:repeat(2, minmax(0, 1fr));}}@media all and (max-width: 767px){.kb-row-layout-id1503_676225-63 > .kt-row-column-wrap{grid-template-columns:minmax(0, 1fr);}}<\/style><div class=\"kb-row-layout-wrap kb-row-layout-id1503_676225-63 alignnone has-theme-palette8-background-color kt-row-has-bg wp-block-kadence-rowlayout\"><div class=\"kt-row-column-wrap kt-has-2-columns kt-row-layout-equal kt-tab-layout-inherit kt-mobile-layout-row kt-row-valign-top kt-inner-column-height-full kb-theme-content-width\">\n<style>.kadence-column1503_3c4400-d4 > .kt-inside-inner-col{border-top:5px solid #ffffff;border-right:5px solid #ffffff;border-bottom:5px solid #ffffff;border-left:5px solid #ffffff;}.kadence-column1503_3c4400-d4 > .kt-inside-inner-col,.kadence-column1503_3c4400-d4 > .kt-inside-inner-col:before{border-top-left-radius:0px;border-top-right-radius:0px;border-bottom-right-radius:0px;border-bottom-left-radius:0px;}.kadence-column1503_3c4400-d4 > .kt-inside-inner-col{column-gap:var(--global-kb-gap-sm, 1rem);}.kadence-column1503_3c4400-d4 > .kt-inside-inner-col{flex-direction:column;}.kadence-column1503_3c4400-d4 > .kt-inside-inner-col > .aligncenter{width:100%;}.kadence-column1503_3c4400-d4 > .kt-inside-inner-col{background-image:url('https:\/\/avocatkisiulia.ro\/wp-content\/uploads\/2025\/04\/cabinet-de-avocatura-kis-iulia-cluj-napoca.jpg');background-size:cover;background-position:center center;background-attachment:scroll;background-repeat:no-repeat;}.kadence-column1503_3c4400-d4 > .kt-inside-inner-col:before{opacity:0.3;}.kadence-column1503_3c4400-d4{position:relative;}@media all and (max-width: 1024px){.kadence-column1503_3c4400-d4 > .kt-inside-inner-col{border-top:5px solid #ffffff;border-right:5px solid #ffffff;border-bottom:5px solid #ffffff;border-left:5px solid #ffffff;flex-direction:column;justify-content:center;}}@media all and (max-width: 767px){.kadence-column1503_3c4400-d4 > .kt-inside-inner-col{border-top:5px solid #ffffff;border-right:5px solid #ffffff;border-bottom:5px solid #ffffff;border-left:5px solid #ffffff;flex-direction:column;justify-content:center;}}<\/style>\n<div class=\"wp-block-kadence-column kadence-column1503_3c4400-d4\"><div class=\"kt-inside-inner-col\"><\/div><\/div>\n\n\n<style>.kadence-column1503_b0f1dd-8f > .kt-inside-inner-col{display:flex;}.kadence-column1503_b0f1dd-8f > .kt-inside-inner-col,.kadence-column1503_b0f1dd-8f > .kt-inside-inner-col:before{border-top-left-radius:0px;border-top-right-radius:0px;border-bottom-right-radius:0px;border-bottom-left-radius:0px;}.kadence-column1503_b0f1dd-8f > .kt-inside-inner-col{row-gap:var(--global-kb-gap-sm, 1rem);column-gap:var(--global-kb-gap-sm, 1rem);}.kadence-column1503_b0f1dd-8f > .kt-inside-inner-col{flex-direction:column;justify-content:space-evenly;}.kadence-column1503_b0f1dd-8f > .kt-inside-inner-col > .aligncenter{width:100%;}.kt-row-column-wrap > .kadence-column1503_b0f1dd-8f{align-self:center;}.kt-inner-column-height-full:not(.kt-has-1-columns) > .wp-block-kadence-column.kadence-column1503_b0f1dd-8f{align-self:auto;}.kt-inner-column-height-full:not(.kt-has-1-columns) > .wp-block-kadence-column.kadence-column1503_b0f1dd-8f > .kt-inside-inner-col{flex-direction:column;justify-content:space-evenly;}.kadence-column1503_b0f1dd-8f > .kt-inside-inner-col:before{opacity:0.3;}.kadence-column1503_b0f1dd-8f{position:relative;}@media all and (max-width: 1024px){.kt-row-column-wrap > .kadence-column1503_b0f1dd-8f{align-self:center;}}@media all and (max-width: 1024px){.kt-inner-column-height-full:not(.kt-has-1-columns) > .wp-block-kadence-column.kadence-column1503_b0f1dd-8f{align-self:auto;}}@media all and (max-width: 1024px){.kt-inner-column-height-full:not(.kt-has-1-columns) > .wp-block-kadence-column.kadence-column1503_b0f1dd-8f > .kt-inside-inner-col{flex-direction:column;justify-content:space-evenly;}}@media all and (max-width: 1024px){.kadence-column1503_b0f1dd-8f > .kt-inside-inner-col{flex-direction:column;justify-content:space-evenly;}}@media all and (max-width: 767px){.kt-row-column-wrap > .kadence-column1503_b0f1dd-8f{align-self:center;}.kt-inner-column-height-full:not(.kt-has-1-columns) > .wp-block-kadence-column.kadence-column1503_b0f1dd-8f{align-self:auto;}.kt-inner-column-height-full:not(.kt-has-1-columns) > .wp-block-kadence-column.kadence-column1503_b0f1dd-8f > .kt-inside-inner-col{flex-direction:column;justify-content:space-evenly;}.kadence-column1503_b0f1dd-8f > .kt-inside-inner-col{flex-direction:column;justify-content:space-evenly;}}<\/style>\n<div class=\"wp-block-kadence-column kadence-column1503_b0f1dd-8f\"><div class=\"kt-inside-inner-col\">\n<h2 class=\"wp-block-heading has-text-align-center\">Kapcsolat<\/h2>\n\n\n<style>.wp-block-kadence-advancedheading.kt-adv-heading1503_f6ce36-eb, .wp-block-kadence-advancedheading.kt-adv-heading1503_f6ce36-eb[data-kb-block=\"kb-adv-heading1503_f6ce36-eb\"]{margin-bottom:0px;font-style:normal;}.wp-block-kadence-advancedheading.kt-adv-heading1503_f6ce36-eb[data-kb-block=\"kb-adv-heading1503_f6ce36-eb\"]{display:flex;gap:0.25em;align-items:start;}.wp-block-kadence-advancedheading.kt-adv-heading1503_f6ce36-eb[data-kb-block=\"kb-adv-heading1503_f6ce36-eb\"] .kb-adv-heading-icon svg{width:1em;height:1em;}.wp-block-kadence-advancedheading.kt-adv-heading1503_f6ce36-eb[data-kb-block=\"kb-adv-heading1503_f6ce36-eb\"] .kb-adv-heading-icon{font-size:24px;}.wp-block-kadence-advancedheading.kt-adv-heading1503_f6ce36-eb mark.kt-highlight, .wp-block-kadence-advancedheading.kt-adv-heading1503_f6ce36-eb[data-kb-block=\"kb-adv-heading1503_f6ce36-eb\"] mark.kt-highlight{font-style:normal;color:#f76a0c;-webkit-box-decoration-break:clone;box-decoration-break:clone;padding-top:0px;padding-right:0px;padding-bottom:0px;padding-left:0px;}.wp-block-kadence-advancedheading.kt-adv-heading1503_f6ce36-eb img.kb-inline-image, .wp-block-kadence-advancedheading.kt-adv-heading1503_f6ce36-eb[data-kb-block=\"kb-adv-heading1503_f6ce36-eb\"] img.kb-inline-image{width:150px;vertical-align:baseline;}<\/style><p class=\"kt-adv-heading1503_f6ce36-eb wp-block-kadence-advancedheading kt-adv-heading-has-icon\" data-kb-block=\"kb-adv-heading1503_f6ce36-eb\"><span class=\"kb-svg-icon-wrap kb-adv-heading-icon kb-svg-icon-fe_home kb-adv-heading-icon-side-left\"><svg viewBox=\"0 0 24 24\"  fill=\"none\" stroke=\"currentColor\" stroke-width=\"2\" stroke-linecap=\"round\" stroke-linejoin=\"round\" xmlns=\"http:\/\/www.w3.org\/2000\/svg\"  aria-hidden=\"true\"><path d=\"M3 9l9-7 9 7v11a2 2 0 0 1-2 2H5a2 2 0 0 1-2-2z\"\/><polyline points=\"9 22 9 12 15 12 15 22\"\/><\/svg><\/span><span class=\"kb-adv-text-inner\">C\u00edm: Kolozsv\u00e1r, I.P.Voite\u0219ti utca, 1-3 sz\u00e1m, 1 ap., Kolozs megye, Rom\u00e1nia<\/span><\/p>\n\n<style>.wp-block-kadence-advancedheading.kt-adv-heading1503_b360e4-ef, .wp-block-kadence-advancedheading.kt-adv-heading1503_b360e4-ef[data-kb-block=\"kb-adv-heading1503_b360e4-ef\"]{margin-bottom:0px;font-style:normal;}.wp-block-kadence-advancedheading.kt-adv-heading1503_b360e4-ef[data-kb-block=\"kb-adv-heading1503_b360e4-ef\"]{display:flex;gap:0.25em;align-items:start;}.wp-block-kadence-advancedheading.kt-adv-heading1503_b360e4-ef[data-kb-block=\"kb-adv-heading1503_b360e4-ef\"] .kb-adv-heading-icon svg{width:1em;height:1em;}.wp-block-kadence-advancedheading.kt-adv-heading1503_b360e4-ef[data-kb-block=\"kb-adv-heading1503_b360e4-ef\"] .kb-adv-heading-icon{font-size:24px;}.wp-block-kadence-advancedheading.kt-adv-heading1503_b360e4-ef mark.kt-highlight, .wp-block-kadence-advancedheading.kt-adv-heading1503_b360e4-ef[data-kb-block=\"kb-adv-heading1503_b360e4-ef\"] mark.kt-highlight{font-style:normal;color:#f76a0c;-webkit-box-decoration-break:clone;box-decoration-break:clone;padding-top:0px;padding-right:0px;padding-bottom:0px;padding-left:0px;}.wp-block-kadence-advancedheading.kt-adv-heading1503_b360e4-ef img.kb-inline-image, .wp-block-kadence-advancedheading.kt-adv-heading1503_b360e4-ef[data-kb-block=\"kb-adv-heading1503_b360e4-ef\"] img.kb-inline-image{width:150px;vertical-align:baseline;}<\/style><p class=\"kt-adv-heading1503_b360e4-ef wp-block-kadence-advancedheading kt-adv-heading-has-icon\" data-kb-block=\"kb-adv-heading1503_b360e4-ef\"><span class=\"kb-svg-icon-wrap kb-adv-heading-icon kb-svg-icon-fe_phone kb-adv-heading-icon-side-left\"><svg viewBox=\"0 0 24 24\"  fill=\"none\" stroke=\"currentColor\" stroke-width=\"2\" stroke-linecap=\"round\" stroke-linejoin=\"round\" xmlns=\"http:\/\/www.w3.org\/2000\/svg\"  aria-hidden=\"true\"><path d=\"M22 16.92v3a2 2 0 0 1-2.18 2 19.79 19.79 0 0 1-8.63-3.07 19.5 19.5 0 0 1-6-6 19.79 19.79 0 0 1-3.07-8.67A2 2 0 0 1 4.11 2h3a2 2 0 0 1 2 1.72 12.84 12.84 0 0 0 .7 2.81 2 2 0 0 1-.45 2.11L8.09 9.91a16 16 0 0 0 6 6l1.27-1.27a2 2 0 0 1 2.11-.45 12.84 12.84 0 0 0 2.81.7A2 2 0 0 1 22 16.92z\"\/><\/svg><\/span><span class=\"kb-adv-text-inner\"><a href=\"tel:+40744705213\" target=\"_blank\" rel=\"noreferrer noopener\">Tel: +40 744 705 213<\/a><\/span><\/p>\n\n<style>.wp-block-kadence-advancedheading.kt-adv-heading1503_a8da2e-a1, .wp-block-kadence-advancedheading.kt-adv-heading1503_a8da2e-a1[data-kb-block=\"kb-adv-heading1503_a8da2e-a1\"]{margin-bottom:0px;font-style:normal;}.wp-block-kadence-advancedheading.kt-adv-heading1503_a8da2e-a1[data-kb-block=\"kb-adv-heading1503_a8da2e-a1\"]{display:flex;gap:0.25em;align-items:start;}.wp-block-kadence-advancedheading.kt-adv-heading1503_a8da2e-a1[data-kb-block=\"kb-adv-heading1503_a8da2e-a1\"] .kb-adv-heading-icon svg{width:1em;height:1em;}.wp-block-kadence-advancedheading.kt-adv-heading1503_a8da2e-a1[data-kb-block=\"kb-adv-heading1503_a8da2e-a1\"] .kb-adv-heading-icon{font-size:24px;}.wp-block-kadence-advancedheading.kt-adv-heading1503_a8da2e-a1 mark.kt-highlight, .wp-block-kadence-advancedheading.kt-adv-heading1503_a8da2e-a1[data-kb-block=\"kb-adv-heading1503_a8da2e-a1\"] mark.kt-highlight{font-style:normal;color:#f76a0c;-webkit-box-decoration-break:clone;box-decoration-break:clone;padding-top:0px;padding-right:0px;padding-bottom:0px;padding-left:0px;}.wp-block-kadence-advancedheading.kt-adv-heading1503_a8da2e-a1 img.kb-inline-image, .wp-block-kadence-advancedheading.kt-adv-heading1503_a8da2e-a1[data-kb-block=\"kb-adv-heading1503_a8da2e-a1\"] img.kb-inline-image{width:150px;vertical-align:baseline;}<\/style><p class=\"kt-adv-heading1503_a8da2e-a1 wp-block-kadence-advancedheading kt-adv-heading-has-icon\" data-kb-block=\"kb-adv-heading1503_a8da2e-a1\"><span class=\"kb-svg-icon-wrap kb-adv-heading-icon kb-svg-icon-fe_mail kb-adv-heading-icon-side-left\"><svg viewBox=\"0 0 24 24\"  fill=\"none\" stroke=\"currentColor\" stroke-width=\"2\" stroke-linecap=\"round\" stroke-linejoin=\"round\" xmlns=\"http:\/\/www.w3.org\/2000\/svg\"  aria-hidden=\"true\"><path d=\"M4 4h16c1.1 0 2 .9 2 2v12c0 1.1-.9 2-2 2H4c-1.1 0-2-.9-2-2V6c0-1.1.9-2 2-2z\"\/><polyline points=\"22,6 12,13 2,6\"\/><\/svg><\/span><span class=\"kb-adv-text-inner\"><strong>E-mail:<\/strong> <a href=\"mailto:office@avocatkisiulia.ro\">office@avocatkisiulia.ro<\/a><\/span><\/p>\n\n<style>.wp-block-kadence-spacer.kt-block-spacer-1503_ac00a9-e0 .kt-block-spacer{height:30px;}.wp-block-kadence-spacer.kt-block-spacer-1503_ac00a9-e0 .kt-divider{border-top-width:1px;height:1px;border-top-color:var(--global-palette1, #3182CE);width:30%;border-top-style:solid;}<\/style>\n<div class=\"wp-block-kadence-spacer aligncenter kt-block-spacer-1503_ac00a9-e0\"><div class=\"kt-block-spacer kt-block-spacer-halign-left\"><hr class=\"kt-divider\" \/><\/div><\/div>\n\n\n\n<p>Szem\u00e9lyes vagy online tan\u00e1csad\u00e1s<br \/>Id\u0151pont foglal\u00e1st vagy online jogi tan\u00e1csad\u00e1st a fenti el\u00e9rhet\u0151s\u00e9geken kereszt\u00fcl lehet ig\u00e9nybe venni.<\/p>\n\n\n<style>.wp-block-kadence-spacer.kt-block-spacer-1503_2080ae-01 .kt-block-spacer{height:30px;}.wp-block-kadence-spacer.kt-block-spacer-1503_2080ae-01 .kt-divider{border-top-width:1px;height:1px;border-top-color:var(--global-palette1, #3182CE);width:30%;border-top-style:solid;}<\/style>\n<div class=\"wp-block-kadence-spacer aligncenter kt-block-spacer-1503_2080ae-01\"><div class=\"kt-block-spacer kt-block-spacer-halign-left\"><hr class=\"kt-divider\" \/><\/div><\/div>\n\n\n\n<ul class=\"wp-block-social-links has-large-icon-size is-content-justification-center is-layout-flex wp-container-core-social-links-is-layout-16018d1d wp-block-social-links-is-layout-flex\"><li class=\"wp-social-link wp-social-link-linkedin  wp-block-social-link\"><a rel=\"noopener nofollow\" target=\"_blank\" href=\"https:\/\/ro.linkedin.com\/in\/iulia-kis-83ba3382?trk=people-guest_people_search-card\" class=\"wp-block-social-link-anchor\"><svg width=\"24\" height=\"24\" viewBox=\"0 0 24 24\" version=\"1.1\" xmlns=\"http:\/\/www.w3.org\/2000\/svg\" aria-hidden=\"true\" focusable=\"false\"><path d=\"M19.7,3H4.3C3.582,3,3,3.582,3,4.3v15.4C3,20.418,3.582,21,4.3,21h15.4c0.718,0,1.3-0.582,1.3-1.3V4.3 C21,3.582,20.418,3,19.7,3z M8.339,18.338H5.667v-8.59h2.672V18.338z M7.004,8.574c-0.857,0-1.549-0.694-1.549-1.548 c0-0.855,0.691-1.548,1.549-1.548c0.854,0,1.547,0.694,1.547,1.548C8.551,7.881,7.858,8.574,7.004,8.574z M18.339,18.338h-2.669 v-4.177c0-0.996-0.017-2.278-1.387-2.278c-1.389,0-1.601,1.086-1.601,2.206v4.249h-2.667v-8.59h2.559v1.174h0.037 c0.356-0.675,1.227-1.387,2.526-1.387c2.703,0,3.203,1.779,3.203,4.092V18.338z\"><\/path><\/svg><span class=\"wp-block-social-link-label screen-reader-text\">LinkedIn<\/span><\/a><\/li><\/ul>\n<\/div><\/div>\n\n<\/div><\/div><style>.kb-row-layout-id1503_9abb22-76 > .kt-row-column-wrap{align-content:center;}:where(.kb-row-layout-id1503_9abb22-76 > .kt-row-column-wrap) > .wp-block-kadence-column{justify-content:center;}.kb-row-layout-id1503_9abb22-76 > .kt-row-column-wrap{column-gap:var(--global-kb-gap-none, 0rem );row-gap:var(--global-kb-gap-md, 2rem);max-width:948%;margin-left:auto;margin-right:auto;padding-top:0px;padding-right:0px;padding-bottom:0px;padding-left:0px;grid-template-columns:minmax(0, 1fr);}.kb-row-layout-id1503_9abb22-76 > .kt-row-layout-overlay{opacity:0.30;}@media all and (max-width: 1024px){.kb-row-layout-id1503_9abb22-76 > .kt-row-column-wrap{row-gap:var(--global-kb-gap-sm, 1rem);grid-template-columns:minmax(0, 1fr);}}@media all and (max-width: 767px){.kb-row-layout-id1503_9abb22-76 > .kt-row-column-wrap{row-gap:var(--global-kb-gap-sm, 1rem);grid-template-columns:minmax(0, 1fr);}}<\/style><div class=\"kb-row-layout-wrap kb-row-layout-id1503_9abb22-76 alignfull wp-block-kadence-rowlayout\"><div class=\"kt-row-column-wrap kt-has-1-columns kt-row-layout-equal kt-tab-layout-inherit kt-mobile-layout-row kt-row-valign-middle kt-inner-column-height-full\">\n<style>.kadence-column1503_9b9cee-ed > .kt-inside-inner-col,.kadence-column1503_9b9cee-ed > .kt-inside-inner-col:before{border-top-left-radius:0px;border-top-right-radius:0px;border-bottom-right-radius:0px;border-bottom-left-radius:0px;}.kadence-column1503_9b9cee-ed > .kt-inside-inner-col{column-gap:var(--global-kb-gap-sm, 1rem);}.kadence-column1503_9b9cee-ed > .kt-inside-inner-col{flex-direction:column;}.kadence-column1503_9b9cee-ed > .kt-inside-inner-col > .aligncenter{width:100%;}.kadence-column1503_9b9cee-ed > .kt-inside-inner-col:before{opacity:0.3;}.kadence-column1503_9b9cee-ed{position:relative;}@media all and (max-width: 1024px){.kadence-column1503_9b9cee-ed > .kt-inside-inner-col{flex-direction:column;justify-content:center;}}@media all and (max-width: 767px){.kadence-column1503_9b9cee-ed > .kt-inside-inner-col{flex-direction:column;justify-content:center;}}<\/style>\n<div class=\"wp-block-kadence-column kadence-column1503_9b9cee-ed inner-column-1\"><div class=\"kt-inside-inner-col\">\n<iframe src=\"https:\/\/www.google.com\/maps\/embed?pb=!1m18!1m12!1m3!1d2732.5137997470183!2d23.58905067587649!3d46.77447924506886!2m3!1f0!2f0!3f0!3m2!1i1024!2i768!4f13.1!3m3!1m2!1s0x47490fc6acbb70e3%3A0xc4ad70af5be6bd25!2sCabinet%20de%20avocat%20Kis%20Iulia!5e0!3m2!1sro!2sro!4v1742460020619!5m2!1sro!2sro\" width=\"100%\" height=\"450\" style=\"border:0;\" allowfullscreen=\"\" loading=\"lazy\" referrerpolicy=\"no-referrer-when-downgrade\"><\/iframe>\n<\/div><\/div>\n\n<\/div><\/div>","protected":false},"excerpt":{"rendered":"<p>Vegye fel a kapcsolatot a Kis Iulia \u00dcgyv\u00e9di Irod\u00e1val Kolozsv\u00e1ron. Id\u0151pontfoglal\u00e1s szem\u00e9lyes vagy online jogi tan\u00e1csad\u00e1sra. Telefon: +40 744 705 213, E-mail: office@avocatkisiulia.ro<\/p>\n","protected":false},"author":1,"featured_media":0,"parent":0,"menu_order":0,"comment_status":"closed","ping_status":"closed","template":"","meta":{"_kad_blocks_custom_css":"","_kad_blocks_head_custom_js":"","_kad_blocks_body_custom_js":"","_kad_blocks_footer_custom_js":"","_kadence_starter_templates_imported_post":false,"_kad_post_transparent":"","_kad_post_title":"","_kad_post_layout":"","_kad_post_sidebar_id":"","_kad_post_content_style":"","_kad_post_vertical_padding":"","_kad_post_feature":"","_kad_post_feature_position":"","_kad_post_header":false,"_kad_post_footer":false,"_kad_post_classname":"","footnotes":""},"class_list":["post-2285","page","type-page","status-publish","hentry"],"taxonomy_info":[],"featured_image_src_large":false,"author_info":{"display_name":"taki","author_link":"https:\/\/avocatkisiulia.ro\/hu\/author\/taki\/"},"comment_info":0,"_links":{"self":[{"href":"https:\/\/avocatkisiulia.ro\/hu\/wp-json\/wp\/v2\/pages\/2285","targetHints":{"allow":["GET"]}}],"collection":[{"href":"https:\/\/avocatkisiulia.ro\/hu\/wp-json\/wp\/v2\/pages"}],"about":[{"href":"https:\/\/avocatkisiulia.ro\/hu\/wp-json\/wp\/v2\/types\/page"}],"author":[{"embeddable":true,"href":"https:\/\/avocatkisiulia.ro\/hu\/wp-json\/wp\/v2\/users\/1"}],"replies":[{"embeddable":true,"href":"https:\/\/avocatkisiulia.ro\/hu\/wp-json\/wp\/v2\/comments?post=2285"}],"version-history":[{"count":4,"href":"https:\/\/avocatkisiulia.ro\/hu\/wp-json\/wp\/v2\/pages\/2285\/revisions"}],"predecessor-version":[{"id":2418,"href":"https:\/\/avocatkisiulia.ro\/hu\/wp-json\/wp\/v2\/pages\/2285\/revisions\/2418"}],"wp:attachment":[{"href":"https:\/\/avocatkisiulia.ro\/hu\/wp-json\/wp\/v2\/media?parent=2285"}],"curies":[{"name":"wp","href":"https:\/\/api.w.org\/{rel}","templated":true}]}}